{"id":107,"date":"2025-06-28T15:44:49","date_gmt":"2025-06-28T13:44:49","guid":{"rendered":"https:\/\/tbswalcz.home.pl\/autoinstalator\/wordpressplugins\/index.php\/accessibility-statement\/"},"modified":"2025-06-30T20:49:59","modified_gmt":"2025-06-30T18:49:59","slug":"accessibility-statement","status":"publish","type":"page","link":"https:\/\/tbswalcz.pl\/index.php\/accessibility-statement\/","title":{"rendered":"O\u015bwiadczenie dost\u0119pno\u015bci"},"content":{"rendered":"\r\n<h6 class=\"wp-block-heading has-text-align-center\">O\u015bwiadczenie dost\u0119pno\u015bci dla https:\/\/tbswalcz.pl\/<\/h6>\r\n\r\n\r\n\r\n<p><strong>Towarzystwo Budownictwa Spo\u0142ecznego Sp. z o.o. w Wa\u0142czu<\/strong> zobowi\u0105zuje si\u0119 do zapewnienia dost\u0119pno\u015bci cyfrowej osobom z niepe\u0142nosprawno\u015bciami. Ci\u0105gle ulepszamy do\u015bwiadczenie u\u017cytkownika dla wszystkich i stosujemy odpowiednie standardy dost\u0119pno\u015bci.<\/p>\r\n\r\n\r\n\r\n<h6 class=\"wp-block-heading\">Status zgodno\u015bci<\/h6>\r\n\r\n\r\n\r\n<p>Wytyczne dotycz\u0105ce dost\u0119pno\u015bci tre\u015bci internetowych (WCAG) okre\u015blaj\u0105 wymagania dla projektant\u00f3w i deweloper\u00f3w w celu poprawy dost\u0119pno\u015bci dla os\u00f3b niepe\u0142nosprawnych. Definiuj\u0105 trzy poziomy zgodno\u015bci: poziom A, poziom AA i poziom AAA.<\/p>\r\n\r\n\r\n\r\n<p><strong>Towarzystwo Budownictwa Spo\u0142ecznego Sp. z o.o. w Wa\u0142czu<\/strong> nieustannie podejmuje wysi\u0142ki maj\u0105ce na celu popraw\u0119 dost\u0119pno\u015bci swojej witryny i us\u0142ug, wierz\u0105c, \u017ce naszym wsp\u00f3lnym moralnym obowi\u0105zkiem jest umo\u017cliwienie bezproblemowego, dost\u0119pnego i nieograniczonego korzystania z nich osobom z niepe\u0142nosprawno\u015bciami.<\/p>\r\n\r\n\r\n\r\n<p>Naszym celem jest udost\u0119pnienie wszystkich stron i tre\u015bci na <strong>https:\/\/tbswalcz.pl\/<\/strong>, ale niekt\u00f3re tre\u015bci mog\u0105 jeszcze nie w pe\u0142ni spe\u0142nia\u0107 najwy\u017csze standardy dost\u0119pno\u015bci. Mo\u017ce to by\u0107 spowodowane trudno\u015bciami w okre\u015bleniu najbardziej odpowiedniego rozwi\u0105zania technologicznego.<\/p>\r\n\r\n\r\n\r\n<p>Mo\u017cemy okresowo dokonywa\u0107 przegl\u0105du niniejszego o\u015bwiadczenia w celu uwzgl\u0119dnienia udoskonale\u0144 lub zmian w naszych praktykach dotycz\u0105cych dost\u0119pno\u015bci.<\/p>\r\n<h3 id=\"a11y-architektura\">Dost\u0119pno\u015b\u0107 architektoniczna<\/h3>\r\n<p>Siedziba sp\u00f3\u0142ki zlokalizowana jest na pierwszym pi\u0119trze budynku niewyposa\u017conego w wind\u0119. W celu umo\u017cliwienia obs\u0142ugi petent\u00f3w z ograniczeniami w zakresie poruszania si\u0119, po wej\u015bciu do budynku, kt\u00f3re jest pozbawione barier architektonicznych, zainstalowany jest aparat telefoniczny umo\u017cliwiaj\u0105cy kontakt z dowolnym pracownikiem biura. Obs\u0142uga odbywa si\u0119 przez przyj\u015bcie pracownika TBS do petenta.<\/p>\r\n\r\n\r\n\r\n<h6 class=\"wp-block-heading\">Uwagi<\/h6>\r\n\r\n\r\n\r\n<p>Zapraszamy do przesy\u0142ania opinii na temat dost\u0119pno\u015bci witryny <strong>Towarzystwo Budownictwa Spo\u0142ecznego Sp. z o.o. w Wa\u0142czu<\/strong>. Prosimy o poinformowanie nas, je\u015bli napotkasz bariery dost\u0119pno\u015bci na naszej stronie internetowej:<\/p>\r\n\r\n\r\n\r\n<p>E-mail: <strong>tbswalcz@tbswalcz.pl<\/strong><\/p>\r\n\r\n\r\n\r\n<p>Staramy si\u0119 odpowiada\u0107 na opinie w ci\u0105gu 3\u20135 dni roboczych.<\/p>\r\n\r\n\r\n\r\n<p>O\u015bwiadczenie zosta\u0142o utworzone o 28.06.2025.<\/p>\r\n","protected":false},"excerpt":{"rendered":"<p>O\u015bwiadczenie dost\u0119pno\u015bci dla https:\/\/tbswalcz.pl\/ Towarzystwo Budownictwa Spo\u0142ecznego Sp. z o.o. w Wa\u0142czu zobowi\u0105zuje si\u0119 do zapewnienia dost\u0119pno\u015bci cyfrowej osobom z niepe\u0142nosprawno\u015bciami. Ci\u0105gle ulepszamy do\u015bwiadczenie u\u017cytkownika dla wszystkich i stosujemy odpowiednie standardy dost\u0119pno\u015bci. Status zgodno\u015bci Wytyczne dotycz\u0105ce dost\u0119pno\u015bci tre\u015bci internetowych (WCAG) okre\u015blaj\u0105 wymagania dla projektant\u00f3w i deweloper\u00f3w w celu poprawy dost\u0119pno\u015bci dla os\u00f3b niepe\u0142nosprawnych. Definiuj\u0105 trzy [&hellip;]<\/p>\n","protected":false},"author":1,"featured_media":0,"parent":0,"menu_order":0,"comment_status":"closed","ping_status":"closed","template":"","meta":{"footnotes":""},"class_list":["post-107","page","type-page","status-publish","hentry"],"yoast_head":"<!-- This site is optimized with the Yoast SEO plugin v27.5 - https:\/\/yoast.com\/product\/yoast-seo-wordpress\/ -->\n<title>O\u015bwiadczenie dost\u0119pno\u015bci - TBS Wa\u0142cz -Towarzystwo Budownictw Spo\u0142ecznego w Wa\u0142czu<\/title>\n<meta name=\"description\" content=\"Towarzystwo Budownictwa Spo\u0142ecznego Sp. z o.o. w Wa\u0142czu zobowi\u0105zuje si\u0119 do zapewnienia dost\u0119pno\u015bci cyfrowej osobom z niepe\u0142nosprawno\u015bciami.\" \/>\n<meta name=\"robots\" content=\"index, follow, max-snippet:-1, max-image-preview:large, max-video-preview:-1\" \/>\n<link rel=\"canonical\" href=\"https:\/\/tbswalcz.pl\/index.php\/accessibility-statement\/\" \/>\n<meta property=\"og:locale\" content=\"pl_PL\" \/>\n<meta property=\"og:type\" content=\"article\" \/>\n<meta property=\"og:title\" content=\"O\u015bwiadczenie dost\u0119pno\u015bci - TBS Wa\u0142cz -Towarzystwo Budownictw Spo\u0142ecznego w Wa\u0142czu\" \/>\n<meta property=\"og:description\" content=\"Towarzystwo Budownictwa Spo\u0142ecznego Sp. z o.o. w Wa\u0142czu zobowi\u0105zuje si\u0119 do zapewnienia dost\u0119pno\u015bci cyfrowej osobom z niepe\u0142nosprawno\u015bciami.\" \/>\n<meta property=\"og:url\" content=\"https:\/\/tbswalcz.pl\/index.php\/accessibility-statement\/\" \/>\n<meta property=\"og:site_name\" content=\"TBS Wa\u0142cz -Towarzystwo Budownictw Spo\u0142ecznego w Wa\u0142czu\" \/>\n<meta property=\"article:modified_time\" content=\"2025-06-30T18:49:59+00:00\" \/>\n<meta name=\"twitter:card\" content=\"summary_large_image\" \/>\n<meta name=\"twitter:label1\" content=\"Szacowany czas czytania\" \/>\n\t<meta name=\"twitter:data1\" content=\"2 minuty\" \/>\n<script type=\"application\/ld+json\" class=\"yoast-schema-graph\">{\"@context\":\"https:\\\/\\\/schema.org\",\"@graph\":[{\"@type\":\"WebPage\",\"@id\":\"https:\\\/\\\/tbswalcz.pl\\\/index.php\\\/accessibility-statement\\\/\",\"url\":\"https:\\\/\\\/tbswalcz.pl\\\/index.php\\\/accessibility-statement\\\/\",\"name\":\"O\u015bwiadczenie dost\u0119pno\u015bci - TBS Wa\u0142cz -Towarzystwo Budownictw Spo\u0142ecznego w Wa\u0142czu\",\"isPartOf\":{\"@id\":\"https:\\\/\\\/tbswalcz.pl\\\/#website\"},\"datePublished\":\"2025-06-28T13:44:49+00:00\",\"dateModified\":\"2025-06-30T18:49:59+00:00\",\"description\":\"Towarzystwo Budownictwa Spo\u0142ecznego Sp. z o.o. w Wa\u0142czu zobowi\u0105zuje si\u0119 do zapewnienia dost\u0119pno\u015bci cyfrowej osobom z niepe\u0142nosprawno\u015bciami.\",\"breadcrumb\":{\"@id\":\"https:\\\/\\\/tbswalcz.pl\\\/index.php\\\/accessibility-statement\\\/#breadcrumb\"},\"inLanguage\":\"pl-PL\",\"potentialAction\":[{\"@type\":\"ReadAction\",\"target\":[\"https:\\\/\\\/tbswalcz.pl\\\/index.php\\\/accessibility-statement\\\/\"]}]},{\"@type\":\"BreadcrumbList\",\"@id\":\"https:\\\/\\\/tbswalcz.pl\\\/index.php\\\/accessibility-statement\\\/#breadcrumb\",\"itemListElement\":[{\"@type\":\"ListItem\",\"position\":1,\"name\":\"Home\",\"item\":\"https:\\\/\\\/tbswalcz.pl\\\/\"},{\"@type\":\"ListItem\",\"position\":2,\"name\":\"O\u015bwiadczenie dost\u0119pno\u015bci\"}]},{\"@type\":\"WebSite\",\"@id\":\"https:\\\/\\\/tbswalcz.pl\\\/#website\",\"url\":\"https:\\\/\\\/tbswalcz.pl\\\/\",\"name\":\"TBS Wa\u0142cz -Towarzystwo Budownictw Spo\u0142ecznego w Wa\u0142czu\",\"description\":\"\",\"publisher\":{\"@id\":\"https:\\\/\\\/tbswalcz.pl\\\/#organization\"},\"potentialAction\":[{\"@type\":\"SearchAction\",\"target\":{\"@type\":\"EntryPoint\",\"urlTemplate\":\"https:\\\/\\\/tbswalcz.pl\\\/?s={search_term_string}\"},\"query-input\":{\"@type\":\"PropertyValueSpecification\",\"valueRequired\":true,\"valueName\":\"search_term_string\"}}],\"inLanguage\":\"pl-PL\"},{\"@type\":\"Organization\",\"@id\":\"https:\\\/\\\/tbswalcz.pl\\\/#organization\",\"name\":\"TBS Wa\u0142cz -Towarzystwo Budownictw Spo\u0142ecznego w Wa\u0142czu\",\"url\":\"https:\\\/\\\/tbswalcz.pl\\\/\",\"logo\":{\"@type\":\"ImageObject\",\"inLanguage\":\"pl-PL\",\"@id\":\"https:\\\/\\\/tbswalcz.pl\\\/#\\\/schema\\\/logo\\\/image\\\/\",\"url\":\"https:\\\/\\\/tbswalcz.pl\\\/wp-content\\\/uploads\\\/2025\\\/06\\\/cropped-logoTBS2020X-1.webp\",\"contentUrl\":\"https:\\\/\\\/tbswalcz.pl\\\/wp-content\\\/uploads\\\/2025\\\/06\\\/cropped-logoTBS2020X-1.webp\",\"width\":113,\"height\":68,\"caption\":\"TBS Wa\u0142cz -Towarzystwo Budownictw Spo\u0142ecznego w Wa\u0142czu\"},\"image\":{\"@id\":\"https:\\\/\\\/tbswalcz.pl\\\/#\\\/schema\\\/logo\\\/image\\\/\"}}]}<\/script>\n<!-- \/ Yoast SEO plugin. -->","yoast_head_json":{"title":"O\u015bwiadczenie dost\u0119pno\u015bci - TBS Wa\u0142cz -Towarzystwo Budownictw Spo\u0142ecznego w Wa\u0142czu","description":"Towarzystwo Budownictwa Spo\u0142ecznego Sp. z o.o. w Wa\u0142czu zobowi\u0105zuje si\u0119 do zapewnienia dost\u0119pno\u015bci cyfrowej osobom z niepe\u0142nosprawno\u015bciami.","robots":{"index":"index","follow":"follow","max-snippet":"max-snippet:-1","max-image-preview":"max-image-preview:large","max-video-preview":"max-video-preview:-1"},"canonical":"https:\/\/tbswalcz.pl\/index.php\/accessibility-statement\/","og_locale":"pl_PL","og_type":"article","og_title":"O\u015bwiadczenie dost\u0119pno\u015bci - TBS Wa\u0142cz -Towarzystwo Budownictw Spo\u0142ecznego w Wa\u0142czu","og_description":"Towarzystwo Budownictwa Spo\u0142ecznego Sp. z o.o. w Wa\u0142czu zobowi\u0105zuje si\u0119 do zapewnienia dost\u0119pno\u015bci cyfrowej osobom z niepe\u0142nosprawno\u015bciami.","og_url":"https:\/\/tbswalcz.pl\/index.php\/accessibility-statement\/","og_site_name":"TBS Wa\u0142cz -Towarzystwo Budownictw Spo\u0142ecznego w Wa\u0142czu","article_modified_time":"2025-06-30T18:49:59+00:00","twitter_card":"summary_large_image","twitter_misc":{"Szacowany czas czytania":"2 minuty"},"schema":{"@context":"https:\/\/schema.org","@graph":[{"@type":"WebPage","@id":"https:\/\/tbswalcz.pl\/index.php\/accessibility-statement\/","url":"https:\/\/tbswalcz.pl\/index.php\/accessibility-statement\/","name":"O\u015bwiadczenie dost\u0119pno\u015bci - TBS Wa\u0142cz -Towarzystwo Budownictw Spo\u0142ecznego w Wa\u0142czu","isPartOf":{"@id":"https:\/\/tbswalcz.pl\/#website"},"datePublished":"2025-06-28T13:44:49+00:00","dateModified":"2025-06-30T18:49:59+00:00","description":"Towarzystwo Budownictwa Spo\u0142ecznego Sp. z o.o. w Wa\u0142czu zobowi\u0105zuje si\u0119 do zapewnienia dost\u0119pno\u015bci cyfrowej osobom z niepe\u0142nosprawno\u015bciami.","breadcrumb":{"@id":"https:\/\/tbswalcz.pl\/index.php\/accessibility-statement\/#breadcrumb"},"inLanguage":"pl-PL","potentialAction":[{"@type":"ReadAction","target":["https:\/\/tbswalcz.pl\/index.php\/accessibility-statement\/"]}]},{"@type":"BreadcrumbList","@id":"https:\/\/tbswalcz.pl\/index.php\/accessibility-statement\/#breadcrumb","itemListElement":[{"@type":"ListItem","position":1,"name":"Home","item":"https:\/\/tbswalcz.pl\/"},{"@type":"ListItem","position":2,"name":"O\u015bwiadczenie dost\u0119pno\u015bci"}]},{"@type":"WebSite","@id":"https:\/\/tbswalcz.pl\/#website","url":"https:\/\/tbswalcz.pl\/","name":"TBS Wa\u0142cz -Towarzystwo Budownictw Spo\u0142ecznego w Wa\u0142czu","description":"","publisher":{"@id":"https:\/\/tbswalcz.pl\/#organization"},"potentialAction":[{"@type":"SearchAction","target":{"@type":"EntryPoint","urlTemplate":"https:\/\/tbswalcz.pl\/?s={search_term_string}"},"query-input":{"@type":"PropertyValueSpecification","valueRequired":true,"valueName":"search_term_string"}}],"inLanguage":"pl-PL"},{"@type":"Organization","@id":"https:\/\/tbswalcz.pl\/#organization","name":"TBS Wa\u0142cz -Towarzystwo Budownictw Spo\u0142ecznego w Wa\u0142czu","url":"https:\/\/tbswalcz.pl\/","logo":{"@type":"ImageObject","inLanguage":"pl-PL","@id":"https:\/\/tbswalcz.pl\/#\/schema\/logo\/image\/","url":"https:\/\/tbswalcz.pl\/wp-content\/uploads\/2025\/06\/cropped-logoTBS2020X-1.webp","contentUrl":"https:\/\/tbswalcz.pl\/wp-content\/uploads\/2025\/06\/cropped-logoTBS2020X-1.webp","width":113,"height":68,"caption":"TBS Wa\u0142cz -Towarzystwo Budownictw Spo\u0142ecznego w Wa\u0142czu"},"image":{"@id":"https:\/\/tbswalcz.pl\/#\/schema\/logo\/image\/"}}]}},"rttpg_featured_image_url":null,"rttpg_author":{"display_name":"Adminstrator","author_link":"https:\/\/tbswalcz.pl\/index.php\/author\/walcztbswww\/"},"rttpg_comment":0,"rttpg_category":null,"rttpg_excerpt":"O\u015bwiadczenie dost\u0119pno\u015bci dla https:\/\/tbswalcz.pl\/ Towarzystwo Budownictwa Spo\u0142ecznego Sp. z o.o. w Wa\u0142czu zobowi\u0105zuje si\u0119 do zapewnienia dost\u0119pno\u015bci cyfrowej osobom z niepe\u0142nosprawno\u015bciami. Ci\u0105gle ulepszamy do\u015bwiadczenie u\u017cytkownika dla wszystkich i stosujemy odpowiednie standardy dost\u0119pno\u015bci. Status zgodno\u015bci Wytyczne dotycz\u0105ce dost\u0119pno\u015bci tre\u015bci internetowych (WCAG) okre\u015blaj\u0105 wymagania dla projektant\u00f3w i deweloper\u00f3w w celu poprawy dost\u0119pno\u015bci dla os\u00f3b niepe\u0142nosprawnych. Definiuj\u0105 trzy&hellip;","_links":{"self":[{"href":"https:\/\/tbswalcz.pl\/index.php\/wp-json\/wp\/v2\/pages\/107","targetHints":{"allow":["GET"]}}],"collection":[{"href":"https:\/\/tbswalcz.pl\/index.php\/wp-json\/wp\/v2\/pages"}],"about":[{"href":"https:\/\/tbswalcz.pl\/index.php\/wp-json\/wp\/v2\/types\/page"}],"author":[{"embeddable":true,"href":"https:\/\/tbswalcz.pl\/index.php\/wp-json\/wp\/v2\/users\/1"}],"replies":[{"embeddable":true,"href":"https:\/\/tbswalcz.pl\/index.php\/wp-json\/wp\/v2\/comments?post=107"}],"version-history":[{"count":8,"href":"https:\/\/tbswalcz.pl\/index.php\/wp-json\/wp\/v2\/pages\/107\/revisions"}],"predecessor-version":[{"id":307,"href":"https:\/\/tbswalcz.pl\/index.php\/wp-json\/wp\/v2\/pages\/107\/revisions\/307"}],"wp:attachment":[{"href":"https:\/\/tbswalcz.pl\/index.php\/wp-json\/wp\/v2\/media?parent=107"}],"curies":[{"name":"wp","href":"https:\/\/api.w.org\/{rel}","templated":true}]}}