{"id":196,"date":"2025-06-28T18:19:30","date_gmt":"2025-06-28T16:19:30","guid":{"rendered":"https:\/\/tbswalcz.home.pl\/autoinstalator\/wordpressplugins\/?page_id=196"},"modified":"2025-06-28T18:19:30","modified_gmt":"2025-06-28T16:19:30","slug":"dla-mieszkancow","status":"publish","type":"page","link":"https:\/\/tbswalcz.pl\/index.php\/dla-mieszkancow\/","title":{"rendered":"Dla Mieszka\u0144c\u00f3w"},"content":{"rendered":"<div>\n<h1>Spos\u00f3b za\u0142atwiania spraw<\/h1>\n<\/div>\n<div>\n<p>\u00a0 \u00a0 \u00a0 \u00a0 Pisma przychodz\u0105ce do sp\u00f3\u0142ki w formie papierowej rejestrowane s\u0105 w rejestrze pism przychodz\u0105cych i wychodz\u0105cych, dekretowane przez prezesa lub osob\u0119 upowa\u017cnion\u0105 i przekazywane za potwierdzeniem pracownikowi w\u0142a\u015bciwemu do za\u0142atwienia sprawy.<\/p>\n<ul>\n<li>Po sporz\u0105dzeniu odpowiedzi na pi\u015bmie, jest ona przedstawiona do akceptacji i podpisu przez prezesa lub osob\u0119 upowa\u017cnion\u0105 i zostaje zarejestrowana w rejestrze pism przychodz\u0105cych i wychodz\u0105cych.<\/li>\n<li>Pisma przychodz\u0105ce drog\u0105 elektroniczn\u0105 przekazywane s\u0105 t\u0105 sam\u0105 drog\u0105 pracownikowi w\u0142a\u015bciwemu do za\u0142atwienia sprawy. Po sporz\u0105dzeniu odpowiedzi ( w przypadku upowa\u017cnienia pracownika do jej autoryzacji ), jest ona bezpo\u015brednio przez pracownika przesy\u0142ana adresatowi drog\u0105 elektroniczn\u0105 albo ( w przypadku braku upowa\u017cnienia do jej podpisu ) drukowana w jednym egzemplarzu, przekazywana prezesowi do podpisu, rejestrowana w rejestrze pism przychodz\u0105cych i wychodz\u0105cych, skanowana i przesy\u0142ana adresatowi drog\u0105 elektroniczn\u0105.<\/li>\n<\/ul>\n<h4>TBS prowadzi nast\u0119puj\u0105ce rejestry, ewidencje i archiwa:<\/h4>\n<ul>\n<li>rejestr pism wychodz\u0105cych i przychodz\u0105cych<\/li>\n<li>rejestr faktur<\/li>\n<li>teczki lokali<\/li>\n<li>ksi\u0105\u017cki obiekt\u00f3w budowlanych<\/li>\n<li>ewidencja druk\u00f3w \u015bcis\u0142ego zarachowania<\/li>\n<li>teczki akt osobowych<\/li>\n<li>ewidencja wyjazd\u00f3w s\u0142u\u017cbowych<\/li>\n<li>rejestr kart drogowych<\/li>\n<li>rejestr zarz\u0105dze\u0144 wewn\u0119trznych<\/li>\n<\/ul>\n<\/div>\n","protected":false},"excerpt":{"rendered":"<p>Spos\u00f3b za\u0142atwiania spraw \u00a0 \u00a0 \u00a0 \u00a0 Pisma przychodz\u0105ce do sp\u00f3\u0142ki w formie papierowej rejestrowane s\u0105 w rejestrze pism przychodz\u0105cych i wychodz\u0105cych, dekretowane przez prezesa lub osob\u0119 upowa\u017cnion\u0105 i przekazywane za potwierdzeniem pracownikowi w\u0142a\u015bciwemu do za\u0142atwienia sprawy. Po sporz\u0105dzeniu odpowiedzi na pi\u015bmie, jest ona przedstawiona do akceptacji i podpisu przez prezesa lub osob\u0119 upowa\u017cnion\u0105 i [&hellip;]<\/p>\n","protected":false},"author":1,"featured_media":0,"parent":0,"menu_order":0,"comment_status":"closed","ping_status":"closed","template":"","meta":{"footnotes":""},"class_list":["post-196","page","type-page","status-publish","hentry"],"yoast_head":"<!-- This site is optimized with the Yoast SEO plugin v27.5 - https:\/\/yoast.com\/product\/yoast-seo-wordpress\/ -->\n<title>Dla Mieszka\u0144c\u00f3w - TBS Wa\u0142cz -Towarzystwo Budownictw Spo\u0142ecznego w Wa\u0142czu<\/title>\n<meta name=\"description\" content=\"Pisma przychodz\u0105ce do sp\u00f3\u0142ki w formie papierowej rejestrowane s\u0105 w rejestrze pism przychodz\u0105cych i wychodz\u0105cych, dekretowane przez prezesa lub osob\u0119 upowa\u017cnion\u0105 i przekazywane za potwierdzeniem pracownikowi w\u0142a\u015bciwemu do za\u0142atwienia sprawy\" \/>\n<meta name=\"robots\" content=\"index, follow, max-snippet:-1, max-image-preview:large, max-video-preview:-1\" \/>\n<link rel=\"canonical\" href=\"https:\/\/tbswalcz.pl\/index.php\/dla-mieszkancow\/\" \/>\n<meta property=\"og:locale\" content=\"pl_PL\" \/>\n<meta property=\"og:type\" content=\"article\" \/>\n<meta property=\"og:title\" content=\"Dla Mieszka\u0144c\u00f3w - TBS Wa\u0142cz -Towarzystwo Budownictw Spo\u0142ecznego w Wa\u0142czu\" \/>\n<meta property=\"og:description\" content=\"Pisma przychodz\u0105ce do sp\u00f3\u0142ki w formie papierowej rejestrowane s\u0105 w rejestrze pism przychodz\u0105cych i wychodz\u0105cych, dekretowane przez prezesa lub osob\u0119 upowa\u017cnion\u0105 i przekazywane za potwierdzeniem pracownikowi w\u0142a\u015bciwemu do za\u0142atwienia sprawy\" \/>\n<meta property=\"og:url\" content=\"https:\/\/tbswalcz.pl\/index.php\/dla-mieszkancow\/\" \/>\n<meta property=\"og:site_name\" content=\"TBS Wa\u0142cz -Towarzystwo Budownictw Spo\u0142ecznego w Wa\u0142czu\" \/>\n<meta name=\"twitter:card\" content=\"summary_large_image\" \/>\n<meta name=\"twitter:label1\" content=\"Szacowany czas czytania\" \/>\n\t<meta name=\"twitter:data1\" content=\"1 minuta\" \/>\n<script type=\"application\/ld+json\" class=\"yoast-schema-graph\">{\"@context\":\"https:\\\/\\\/schema.org\",\"@graph\":[{\"@type\":\"WebPage\",\"@id\":\"https:\\\/\\\/tbswalcz.pl\\\/index.php\\\/dla-mieszkancow\\\/\",\"url\":\"https:\\\/\\\/tbswalcz.pl\\\/index.php\\\/dla-mieszkancow\\\/\",\"name\":\"Dla Mieszka\u0144c\u00f3w - TBS Wa\u0142cz -Towarzystwo Budownictw Spo\u0142ecznego w Wa\u0142czu\",\"isPartOf\":{\"@id\":\"https:\\\/\\\/tbswalcz.pl\\\/#website\"},\"datePublished\":\"2025-06-28T16:19:30+00:00\",\"description\":\"Pisma przychodz\u0105ce do sp\u00f3\u0142ki w formie papierowej rejestrowane s\u0105 w rejestrze pism przychodz\u0105cych i wychodz\u0105cych, dekretowane przez prezesa lub osob\u0119 upowa\u017cnion\u0105 i przekazywane za potwierdzeniem pracownikowi w\u0142a\u015bciwemu do za\u0142atwienia sprawy\",\"breadcrumb\":{\"@id\":\"https:\\\/\\\/tbswalcz.pl\\\/index.php\\\/dla-mieszkancow\\\/#breadcrumb\"},\"inLanguage\":\"pl-PL\",\"potentialAction\":[{\"@type\":\"ReadAction\",\"target\":[\"https:\\\/\\\/tbswalcz.pl\\\/index.php\\\/dla-mieszkancow\\\/\"]}]},{\"@type\":\"BreadcrumbList\",\"@id\":\"https:\\\/\\\/tbswalcz.pl\\\/index.php\\\/dla-mieszkancow\\\/#breadcrumb\",\"itemListElement\":[{\"@type\":\"ListItem\",\"position\":1,\"name\":\"Home\",\"item\":\"https:\\\/\\\/tbswalcz.pl\\\/\"},{\"@type\":\"ListItem\",\"position\":2,\"name\":\"Dla Mieszka\u0144c\u00f3w\"}]},{\"@type\":\"WebSite\",\"@id\":\"https:\\\/\\\/tbswalcz.pl\\\/#website\",\"url\":\"https:\\\/\\\/tbswalcz.pl\\\/\",\"name\":\"TBS Wa\u0142cz -Towarzystwo Budownictw Spo\u0142ecznego w Wa\u0142czu\",\"description\":\"\",\"publisher\":{\"@id\":\"https:\\\/\\\/tbswalcz.pl\\\/#organization\"},\"potentialAction\":[{\"@type\":\"SearchAction\",\"target\":{\"@type\":\"EntryPoint\",\"urlTemplate\":\"https:\\\/\\\/tbswalcz.pl\\\/?s={search_term_string}\"},\"query-input\":{\"@type\":\"PropertyValueSpecification\",\"valueRequired\":true,\"valueName\":\"search_term_string\"}}],\"inLanguage\":\"pl-PL\"},{\"@type\":\"Organization\",\"@id\":\"https:\\\/\\\/tbswalcz.pl\\\/#organization\",\"name\":\"TBS Wa\u0142cz -Towarzystwo Budownictw Spo\u0142ecznego w Wa\u0142czu\",\"url\":\"https:\\\/\\\/tbswalcz.pl\\\/\",\"logo\":{\"@type\":\"ImageObject\",\"inLanguage\":\"pl-PL\",\"@id\":\"https:\\\/\\\/tbswalcz.pl\\\/#\\\/schema\\\/logo\\\/image\\\/\",\"url\":\"https:\\\/\\\/tbswalcz.pl\\\/wp-content\\\/uploads\\\/2025\\\/06\\\/cropped-logoTBS2020X-1.webp\",\"contentUrl\":\"https:\\\/\\\/tbswalcz.pl\\\/wp-content\\\/uploads\\\/2025\\\/06\\\/cropped-logoTBS2020X-1.webp\",\"width\":113,\"height\":68,\"caption\":\"TBS Wa\u0142cz -Towarzystwo Budownictw Spo\u0142ecznego w Wa\u0142czu\"},\"image\":{\"@id\":\"https:\\\/\\\/tbswalcz.pl\\\/#\\\/schema\\\/logo\\\/image\\\/\"}}]}<\/script>\n<!-- \/ Yoast SEO plugin. -->","yoast_head_json":{"title":"Dla Mieszka\u0144c\u00f3w - TBS Wa\u0142cz -Towarzystwo Budownictw Spo\u0142ecznego w Wa\u0142czu","description":"Pisma przychodz\u0105ce do sp\u00f3\u0142ki w formie papierowej rejestrowane s\u0105 w rejestrze pism przychodz\u0105cych i wychodz\u0105cych, dekretowane przez prezesa lub osob\u0119 upowa\u017cnion\u0105 i przekazywane za potwierdzeniem pracownikowi w\u0142a\u015bciwemu do za\u0142atwienia sprawy","robots":{"index":"index","follow":"follow","max-snippet":"max-snippet:-1","max-image-preview":"max-image-preview:large","max-video-preview":"max-video-preview:-1"},"canonical":"https:\/\/tbswalcz.pl\/index.php\/dla-mieszkancow\/","og_locale":"pl_PL","og_type":"article","og_title":"Dla Mieszka\u0144c\u00f3w - TBS Wa\u0142cz -Towarzystwo Budownictw Spo\u0142ecznego w Wa\u0142czu","og_description":"Pisma przychodz\u0105ce do sp\u00f3\u0142ki w formie papierowej rejestrowane s\u0105 w rejestrze pism przychodz\u0105cych i wychodz\u0105cych, dekretowane przez prezesa lub osob\u0119 upowa\u017cnion\u0105 i przekazywane za potwierdzeniem pracownikowi w\u0142a\u015bciwemu do za\u0142atwienia sprawy","og_url":"https:\/\/tbswalcz.pl\/index.php\/dla-mieszkancow\/","og_site_name":"TBS Wa\u0142cz -Towarzystwo Budownictw Spo\u0142ecznego w Wa\u0142czu","twitter_card":"summary_large_image","twitter_misc":{"Szacowany czas czytania":"1 minuta"},"schema":{"@context":"https:\/\/schema.org","@graph":[{"@type":"WebPage","@id":"https:\/\/tbswalcz.pl\/index.php\/dla-mieszkancow\/","url":"https:\/\/tbswalcz.pl\/index.php\/dla-mieszkancow\/","name":"Dla Mieszka\u0144c\u00f3w - TBS Wa\u0142cz -Towarzystwo Budownictw Spo\u0142ecznego w Wa\u0142czu","isPartOf":{"@id":"https:\/\/tbswalcz.pl\/#website"},"datePublished":"2025-06-28T16:19:30+00:00","description":"Pisma przychodz\u0105ce do sp\u00f3\u0142ki w formie papierowej rejestrowane s\u0105 w rejestrze pism przychodz\u0105cych i wychodz\u0105cych, dekretowane przez prezesa lub osob\u0119 upowa\u017cnion\u0105 i przekazywane za potwierdzeniem pracownikowi w\u0142a\u015bciwemu do za\u0142atwienia sprawy","breadcrumb":{"@id":"https:\/\/tbswalcz.pl\/index.php\/dla-mieszkancow\/#breadcrumb"},"inLanguage":"pl-PL","potentialAction":[{"@type":"ReadAction","target":["https:\/\/tbswalcz.pl\/index.php\/dla-mieszkancow\/"]}]},{"@type":"BreadcrumbList","@id":"https:\/\/tbswalcz.pl\/index.php\/dla-mieszkancow\/#breadcrumb","itemListElement":[{"@type":"ListItem","position":1,"name":"Home","item":"https:\/\/tbswalcz.pl\/"},{"@type":"ListItem","position":2,"name":"Dla Mieszka\u0144c\u00f3w"}]},{"@type":"WebSite","@id":"https:\/\/tbswalcz.pl\/#website","url":"https:\/\/tbswalcz.pl\/","name":"TBS Wa\u0142cz -Towarzystwo Budownictw Spo\u0142ecznego w Wa\u0142czu","description":"","publisher":{"@id":"https:\/\/tbswalcz.pl\/#organization"},"potentialAction":[{"@type":"SearchAction","target":{"@type":"EntryPoint","urlTemplate":"https:\/\/tbswalcz.pl\/?s={search_term_string}"},"query-input":{"@type":"PropertyValueSpecification","valueRequired":true,"valueName":"search_term_string"}}],"inLanguage":"pl-PL"},{"@type":"Organization","@id":"https:\/\/tbswalcz.pl\/#organization","name":"TBS Wa\u0142cz -Towarzystwo Budownictw Spo\u0142ecznego w Wa\u0142czu","url":"https:\/\/tbswalcz.pl\/","logo":{"@type":"ImageObject","inLanguage":"pl-PL","@id":"https:\/\/tbswalcz.pl\/#\/schema\/logo\/image\/","url":"https:\/\/tbswalcz.pl\/wp-content\/uploads\/2025\/06\/cropped-logoTBS2020X-1.webp","contentUrl":"https:\/\/tbswalcz.pl\/wp-content\/uploads\/2025\/06\/cropped-logoTBS2020X-1.webp","width":113,"height":68,"caption":"TBS Wa\u0142cz -Towarzystwo Budownictw Spo\u0142ecznego w Wa\u0142czu"},"image":{"@id":"https:\/\/tbswalcz.pl\/#\/schema\/logo\/image\/"}}]}},"rttpg_featured_image_url":null,"rttpg_author":{"display_name":"Adminstrator","author_link":"https:\/\/tbswalcz.pl\/index.php\/author\/walcztbswww\/"},"rttpg_comment":0,"rttpg_category":null,"rttpg_excerpt":"Spos\u00f3b za\u0142atwiania spraw \u00a0 \u00a0 \u00a0 \u00a0 Pisma przychodz\u0105ce do sp\u00f3\u0142ki w formie papierowej rejestrowane s\u0105 w rejestrze pism przychodz\u0105cych i wychodz\u0105cych, dekretowane przez prezesa lub osob\u0119 upowa\u017cnion\u0105 i przekazywane za potwierdzeniem pracownikowi w\u0142a\u015bciwemu do za\u0142atwienia sprawy. Po sporz\u0105dzeniu odpowiedzi na pi\u015bmie, jest ona przedstawiona do akceptacji i podpisu przez prezesa lub osob\u0119 upowa\u017cnion\u0105 i&hellip;","_links":{"self":[{"href":"https:\/\/tbswalcz.pl\/index.php\/wp-json\/wp\/v2\/pages\/196","targetHints":{"allow":["GET"]}}],"collection":[{"href":"https:\/\/tbswalcz.pl\/index.php\/wp-json\/wp\/v2\/pages"}],"about":[{"href":"https:\/\/tbswalcz.pl\/index.php\/wp-json\/wp\/v2\/types\/page"}],"author":[{"embeddable":true,"href":"https:\/\/tbswalcz.pl\/index.php\/wp-json\/wp\/v2\/users\/1"}],"replies":[{"embeddable":true,"href":"https:\/\/tbswalcz.pl\/index.php\/wp-json\/wp\/v2\/comments?post=196"}],"version-history":[{"count":1,"href":"https:\/\/tbswalcz.pl\/index.php\/wp-json\/wp\/v2\/pages\/196\/revisions"}],"predecessor-version":[{"id":197,"href":"https:\/\/tbswalcz.pl\/index.php\/wp-json\/wp\/v2\/pages\/196\/revisions\/197"}],"wp:attachment":[{"href":"https:\/\/tbswalcz.pl\/index.php\/wp-json\/wp\/v2\/media?parent=196"}],"curies":[{"name":"wp","href":"https:\/\/api.w.org\/{rel}","templated":true}]}}