{"id":200,"date":"2025-06-28T18:58:57","date_gmt":"2025-06-28T16:58:57","guid":{"rendered":"https:\/\/tbswalcz.home.pl\/autoinstalator\/wordpressplugins\/?page_id=200"},"modified":"2025-10-19T19:16:34","modified_gmt":"2025-10-19T17:16:34","slug":"dokumenty-do-pobrania","status":"publish","type":"page","link":"https:\/\/tbswalcz.pl\/index.php\/dokumenty-do-pobrania\/","title":{"rendered":"Dokumenty do Pobrania"},"content":{"rendered":"<p><u><strong>Dokumenty do pobrania:<\/strong><\/u><\/p>\n<ul>\n<li><a class=\"custom_link\" href=\"https:\/\/tbswalcz.pl\/wp-content\/uploads\/2025\/06\/Zarzadzenie-m1f2ffcp.pdf\" target=\"_self\">Zarz\u0105dzenie nr 0050.1.158.2024 z dnia 11.09.2024<\/a>\u00a0w sprawie okre\u015blenia stawek czynszu za lokale mieszkalne i pomieszczenia tymczasowe oraz za najem socjalny w mieszkaniowym zasobie Gminy Miejskiej Wa\u0142cz.<\/li>\n<li>\u00a0Formularz zg\u0142oszeniowy EBOK &#8211; dodano 30-12-2019\u00a0<a class=\"custom_link\" href=\"https:\/\/tbswalcz.pl\/wp-content\/uploads\/2025\/06\/EBOK_wniosek-kx7ks6gw.pdf\" target=\"_blank\" rel=\"noopener\">EBOK-zg\u0142oszenie<\/a><\/li>\n<li>\u00a0Wniosek o umorzenie odroczenie terminu sp\u0142aty lub roz\u0142o\u017cenie na raty nale\u017cno\u015bci z tytu\u0142u op\u0142at za lokal komunalny\u00a0 \u00a0 \u00a0 \u00a0 \u00a0 stanowi\u0105cy w\u0142asno\u015b\u0107 Gminy Miejskiej Wa\u0142cz &#8211; dodano 15-05-2018\u00a0\u00a0<a class=\"custom_link\" href=\"https:\/\/tbswalcz.pl\/wp-content\/uploads\/2025\/06\/wniosek_-o_umorzenie_odroczenie-kx7kv1s0.pdf\" target=\"_blank\" rel=\"noopener\">lokale komunalne<\/a><\/li>\n<li><a class=\"md-opjjpmhoiojifppkkcdabiobhakljdgm_doc custom_link\" href=\"https:\/\/tbswalcz.pl\/wp-content\/uploads\/2025\/06\/TBSOswiadczenienajemcy-ki495sdx.pdf\" target=\"_blank\" rel=\"noopener\">\u00a0O\u015bwiadczenie najemcy<\/a><\/li>\n<li><a class=\"custom_link\" href=\"https:\/\/tbswalcz.pl\/wp-content\/uploads\/2025\/06\/deklaracja-o-dochodach-lm074qbg.doc\" target=\"_blank\" rel=\"noopener\">Deklaracja\u00a0o dochodach<\/a><\/li>\n<li><a class=\"custom_link\" href=\"https:\/\/tbswalcz.pl\/wp-content\/uploads\/2025\/10\/Wniosek-o-zamiane-mieszkania-1.doc\" target=\"_blank\" rel=\"noopener\">Wniosek o zamian\u0119\u00a0lokalu<\/a><\/li>\n<li><a class=\"custom_link\" href=\"https:\/\/tbswalcz.pl\/wp-content\/uploads\/2025\/06\/Oswiadczenie-wlasciciela-o-ilosci-osob-zamieszkujacych-w-lokalu-lm4h8av3.pdf\" target=\"_blank\" rel=\"noopener\"><u>O\u015bwiadczenie w\u0142a\u015bciciela o ilo\u015bci os\u00f3b zamieszkuj\u0105cych w lokalu<\/u><\/a><\/li>\n<\/ul>\n","protected":false},"excerpt":{"rendered":"<p>Dokumenty do pobrania: Zarz\u0105dzenie nr 0050.1.158.2024 z dnia 11.09.2024\u00a0w sprawie okre\u015blenia stawek czynszu za lokale mieszkalne i pomieszczenia tymczasowe oraz za najem socjalny w mieszkaniowym zasobie Gminy Miejskiej Wa\u0142cz. \u00a0Formularz zg\u0142oszeniowy EBOK &#8211; dodano 30-12-2019\u00a0EBOK-zg\u0142oszenie \u00a0Wniosek o umorzenie odroczenie terminu sp\u0142aty lub roz\u0142o\u017cenie na raty nale\u017cno\u015bci z tytu\u0142u op\u0142at za lokal komunalny\u00a0 \u00a0 \u00a0 \u00a0 [&hellip;]<\/p>\n","protected":false},"author":1,"featured_media":0,"parent":0,"menu_order":0,"comment_status":"closed","ping_status":"closed","template":"","meta":{"footnotes":""},"class_list":["post-200","page","type-page","status-publish","hentry"],"yoast_head":"<!-- This site is optimized with the Yoast SEO plugin v27.5 - https:\/\/yoast.com\/product\/yoast-seo-wordpress\/ -->\n<title>Dokumenty do Pobrania - TBS Wa\u0142cz -Towarzystwo Budownictw Spo\u0142ecznego w Wa\u0142czu<\/title>\n<meta name=\"robots\" content=\"index, follow, max-snippet:-1, max-image-preview:large, max-video-preview:-1\" \/>\n<link rel=\"canonical\" href=\"https:\/\/tbswalcz.pl\/index.php\/dokumenty-do-pobrania\/\" \/>\n<meta property=\"og:locale\" content=\"pl_PL\" \/>\n<meta property=\"og:type\" content=\"article\" \/>\n<meta property=\"og:title\" content=\"Dokumenty do Pobrania - TBS Wa\u0142cz -Towarzystwo Budownictw Spo\u0142ecznego w Wa\u0142czu\" \/>\n<meta property=\"og:description\" content=\"Dokumenty do pobrania: Zarz\u0105dzenie nr 0050.1.158.2024 z dnia 11.09.2024\u00a0w sprawie okre\u015blenia stawek czynszu za lokale mieszkalne i pomieszczenia tymczasowe oraz za najem socjalny w mieszkaniowym zasobie Gminy Miejskiej Wa\u0142cz. \u00a0Formularz zg\u0142oszeniowy EBOK &#8211; dodano 30-12-2019\u00a0EBOK-zg\u0142oszenie \u00a0Wniosek o umorzenie odroczenie terminu sp\u0142aty lub roz\u0142o\u017cenie na raty nale\u017cno\u015bci z tytu\u0142u op\u0142at za lokal komunalny\u00a0 \u00a0 \u00a0 \u00a0 [&hellip;]\" \/>\n<meta property=\"og:url\" content=\"https:\/\/tbswalcz.pl\/index.php\/dokumenty-do-pobrania\/\" \/>\n<meta property=\"og:site_name\" content=\"TBS Wa\u0142cz -Towarzystwo Budownictw Spo\u0142ecznego w Wa\u0142czu\" \/>\n<meta property=\"article:modified_time\" content=\"2025-10-19T17:16:34+00:00\" \/>\n<meta name=\"twitter:card\" content=\"summary_large_image\" \/>\n<meta name=\"twitter:label1\" content=\"Szacowany czas czytania\" \/>\n\t<meta name=\"twitter:data1\" content=\"1 minuta\" \/>\n<script type=\"application\/ld+json\" class=\"yoast-schema-graph\">{\"@context\":\"https:\\\/\\\/schema.org\",\"@graph\":[{\"@type\":\"WebPage\",\"@id\":\"https:\\\/\\\/tbswalcz.pl\\\/index.php\\\/dokumenty-do-pobrania\\\/\",\"url\":\"https:\\\/\\\/tbswalcz.pl\\\/index.php\\\/dokumenty-do-pobrania\\\/\",\"name\":\"Dokumenty do Pobrania - TBS Wa\u0142cz -Towarzystwo Budownictw Spo\u0142ecznego w Wa\u0142czu\",\"isPartOf\":{\"@id\":\"https:\\\/\\\/tbswalcz.pl\\\/#website\"},\"datePublished\":\"2025-06-28T16:58:57+00:00\",\"dateModified\":\"2025-10-19T17:16:34+00:00\",\"breadcrumb\":{\"@id\":\"https:\\\/\\\/tbswalcz.pl\\\/index.php\\\/dokumenty-do-pobrania\\\/#breadcrumb\"},\"inLanguage\":\"pl-PL\",\"potentialAction\":[{\"@type\":\"ReadAction\",\"target\":[\"https:\\\/\\\/tbswalcz.pl\\\/index.php\\\/dokumenty-do-pobrania\\\/\"]}]},{\"@type\":\"BreadcrumbList\",\"@id\":\"https:\\\/\\\/tbswalcz.pl\\\/index.php\\\/dokumenty-do-pobrania\\\/#breadcrumb\",\"itemListElement\":[{\"@type\":\"ListItem\",\"position\":1,\"name\":\"Home\",\"item\":\"https:\\\/\\\/tbswalcz.pl\\\/\"},{\"@type\":\"ListItem\",\"position\":2,\"name\":\"Dokumenty do Pobrania\"}]},{\"@type\":\"WebSite\",\"@id\":\"https:\\\/\\\/tbswalcz.pl\\\/#website\",\"url\":\"https:\\\/\\\/tbswalcz.pl\\\/\",\"name\":\"TBS Wa\u0142cz -Towarzystwo Budownictw Spo\u0142ecznego w Wa\u0142czu\",\"description\":\"\",\"publisher\":{\"@id\":\"https:\\\/\\\/tbswalcz.pl\\\/#organization\"},\"potentialAction\":[{\"@type\":\"SearchAction\",\"target\":{\"@type\":\"EntryPoint\",\"urlTemplate\":\"https:\\\/\\\/tbswalcz.pl\\\/?s={search_term_string}\"},\"query-input\":{\"@type\":\"PropertyValueSpecification\",\"valueRequired\":true,\"valueName\":\"search_term_string\"}}],\"inLanguage\":\"pl-PL\"},{\"@type\":\"Organization\",\"@id\":\"https:\\\/\\\/tbswalcz.pl\\\/#organization\",\"name\":\"TBS Wa\u0142cz -Towarzystwo Budownictw Spo\u0142ecznego w Wa\u0142czu\",\"url\":\"https:\\\/\\\/tbswalcz.pl\\\/\",\"logo\":{\"@type\":\"ImageObject\",\"inLanguage\":\"pl-PL\",\"@id\":\"https:\\\/\\\/tbswalcz.pl\\\/#\\\/schema\\\/logo\\\/image\\\/\",\"url\":\"https:\\\/\\\/tbswalcz.pl\\\/wp-content\\\/uploads\\\/2025\\\/06\\\/cropped-logoTBS2020X-1.webp\",\"contentUrl\":\"https:\\\/\\\/tbswalcz.pl\\\/wp-content\\\/uploads\\\/2025\\\/06\\\/cropped-logoTBS2020X-1.webp\",\"width\":113,\"height\":68,\"caption\":\"TBS Wa\u0142cz -Towarzystwo Budownictw Spo\u0142ecznego w Wa\u0142czu\"},\"image\":{\"@id\":\"https:\\\/\\\/tbswalcz.pl\\\/#\\\/schema\\\/logo\\\/image\\\/\"}}]}<\/script>\n<!-- \/ Yoast SEO plugin. -->","yoast_head_json":{"title":"Dokumenty do Pobrania - TBS Wa\u0142cz -Towarzystwo Budownictw Spo\u0142ecznego w Wa\u0142czu","robots":{"index":"index","follow":"follow","max-snippet":"max-snippet:-1","max-image-preview":"max-image-preview:large","max-video-preview":"max-video-preview:-1"},"canonical":"https:\/\/tbswalcz.pl\/index.php\/dokumenty-do-pobrania\/","og_locale":"pl_PL","og_type":"article","og_title":"Dokumenty do Pobrania - TBS Wa\u0142cz -Towarzystwo Budownictw Spo\u0142ecznego w Wa\u0142czu","og_description":"Dokumenty do pobrania: Zarz\u0105dzenie nr 0050.1.158.2024 z dnia 11.09.2024\u00a0w sprawie okre\u015blenia stawek czynszu za lokale mieszkalne i pomieszczenia tymczasowe oraz za najem socjalny w mieszkaniowym zasobie Gminy Miejskiej Wa\u0142cz. \u00a0Formularz zg\u0142oszeniowy EBOK &#8211; dodano 30-12-2019\u00a0EBOK-zg\u0142oszenie \u00a0Wniosek o umorzenie odroczenie terminu sp\u0142aty lub roz\u0142o\u017cenie na raty nale\u017cno\u015bci z tytu\u0142u op\u0142at za lokal komunalny\u00a0 \u00a0 \u00a0 \u00a0 [&hellip;]","og_url":"https:\/\/tbswalcz.pl\/index.php\/dokumenty-do-pobrania\/","og_site_name":"TBS Wa\u0142cz -Towarzystwo Budownictw Spo\u0142ecznego w Wa\u0142czu","article_modified_time":"2025-10-19T17:16:34+00:00","twitter_card":"summary_large_image","twitter_misc":{"Szacowany czas czytania":"1 minuta"},"schema":{"@context":"https:\/\/schema.org","@graph":[{"@type":"WebPage","@id":"https:\/\/tbswalcz.pl\/index.php\/dokumenty-do-pobrania\/","url":"https:\/\/tbswalcz.pl\/index.php\/dokumenty-do-pobrania\/","name":"Dokumenty do Pobrania - TBS Wa\u0142cz -Towarzystwo Budownictw Spo\u0142ecznego w Wa\u0142czu","isPartOf":{"@id":"https:\/\/tbswalcz.pl\/#website"},"datePublished":"2025-06-28T16:58:57+00:00","dateModified":"2025-10-19T17:16:34+00:00","breadcrumb":{"@id":"https:\/\/tbswalcz.pl\/index.php\/dokumenty-do-pobrania\/#breadcrumb"},"inLanguage":"pl-PL","potentialAction":[{"@type":"ReadAction","target":["https:\/\/tbswalcz.pl\/index.php\/dokumenty-do-pobrania\/"]}]},{"@type":"BreadcrumbList","@id":"https:\/\/tbswalcz.pl\/index.php\/dokumenty-do-pobrania\/#breadcrumb","itemListElement":[{"@type":"ListItem","position":1,"name":"Home","item":"https:\/\/tbswalcz.pl\/"},{"@type":"ListItem","position":2,"name":"Dokumenty do Pobrania"}]},{"@type":"WebSite","@id":"https:\/\/tbswalcz.pl\/#website","url":"https:\/\/tbswalcz.pl\/","name":"TBS Wa\u0142cz -Towarzystwo Budownictw Spo\u0142ecznego w Wa\u0142czu","description":"","publisher":{"@id":"https:\/\/tbswalcz.pl\/#organization"},"potentialAction":[{"@type":"SearchAction","target":{"@type":"EntryPoint","urlTemplate":"https:\/\/tbswalcz.pl\/?s={search_term_string}"},"query-input":{"@type":"PropertyValueSpecification","valueRequired":true,"valueName":"search_term_string"}}],"inLanguage":"pl-PL"},{"@type":"Organization","@id":"https:\/\/tbswalcz.pl\/#organization","name":"TBS Wa\u0142cz -Towarzystwo Budownictw Spo\u0142ecznego w Wa\u0142czu","url":"https:\/\/tbswalcz.pl\/","logo":{"@type":"ImageObject","inLanguage":"pl-PL","@id":"https:\/\/tbswalcz.pl\/#\/schema\/logo\/image\/","url":"https:\/\/tbswalcz.pl\/wp-content\/uploads\/2025\/06\/cropped-logoTBS2020X-1.webp","contentUrl":"https:\/\/tbswalcz.pl\/wp-content\/uploads\/2025\/06\/cropped-logoTBS2020X-1.webp","width":113,"height":68,"caption":"TBS Wa\u0142cz -Towarzystwo Budownictw Spo\u0142ecznego w Wa\u0142czu"},"image":{"@id":"https:\/\/tbswalcz.pl\/#\/schema\/logo\/image\/"}}]}},"rttpg_featured_image_url":null,"rttpg_author":{"display_name":"Adminstrator","author_link":"https:\/\/tbswalcz.pl\/index.php\/author\/walcztbswww\/"},"rttpg_comment":0,"rttpg_category":null,"rttpg_excerpt":"Dokumenty do pobrania: Zarz\u0105dzenie nr 0050.1.158.2024 z dnia 11.09.2024\u00a0w sprawie okre\u015blenia stawek czynszu za lokale mieszkalne i pomieszczenia tymczasowe oraz za najem socjalny w mieszkaniowym zasobie Gminy Miejskiej Wa\u0142cz. \u00a0Formularz zg\u0142oszeniowy EBOK &#8211; dodano 30-12-2019\u00a0EBOK-zg\u0142oszenie \u00a0Wniosek o umorzenie odroczenie terminu sp\u0142aty lub roz\u0142o\u017cenie na raty nale\u017cno\u015bci z tytu\u0142u op\u0142at za lokal komunalny\u00a0 \u00a0 \u00a0 \u00a0&hellip;","_links":{"self":[{"href":"https:\/\/tbswalcz.pl\/index.php\/wp-json\/wp\/v2\/pages\/200","targetHints":{"allow":["GET"]}}],"collection":[{"href":"https:\/\/tbswalcz.pl\/index.php\/wp-json\/wp\/v2\/pages"}],"about":[{"href":"https:\/\/tbswalcz.pl\/index.php\/wp-json\/wp\/v2\/types\/page"}],"author":[{"embeddable":true,"href":"https:\/\/tbswalcz.pl\/index.php\/wp-json\/wp\/v2\/users\/1"}],"replies":[{"embeddable":true,"href":"https:\/\/tbswalcz.pl\/index.php\/wp-json\/wp\/v2\/comments?post=200"}],"version-history":[{"count":5,"href":"https:\/\/tbswalcz.pl\/index.php\/wp-json\/wp\/v2\/pages\/200\/revisions"}],"predecessor-version":[{"id":380,"href":"https:\/\/tbswalcz.pl\/index.php\/wp-json\/wp\/v2\/pages\/200\/revisions\/380"}],"wp:attachment":[{"href":"https:\/\/tbswalcz.pl\/index.php\/wp-json\/wp\/v2\/media?parent=200"}],"curies":[{"name":"wp","href":"https:\/\/api.w.org\/{rel}","templated":true}]}}