{"id":230,"date":"2025-06-30T15:50:53","date_gmt":"2025-06-30T13:50:53","guid":{"rendered":"https:\/\/tbswalcz.home.pl\/autoinstalator\/wordpressplugins\/?page_id=230"},"modified":"2025-06-30T15:50:53","modified_gmt":"2025-06-30T13:50:53","slug":"lista-osob-uprawnionych-do-przydzialu-lokali","status":"publish","type":"page","link":"https:\/\/tbswalcz.pl\/index.php\/dla-mieszkancow\/lista-osob-uprawnionych-do-przydzialu-lokali\/","title":{"rendered":"Lista os\u00f3b uprawnionych do przydzia\u0142u lokali"},"content":{"rendered":"","protected":false},"excerpt":{"rendered":"","protected":false},"author":1,"featured_media":0,"parent":196,"menu_order":0,"comment_status":"closed","ping_status":"closed","template":"","meta":{"footnotes":""},"class_list":["post-230","page","type-page","status-publish","hentry"],"yoast_head":"<!-- This site is optimized with the Yoast SEO plugin v27.5 - https:\/\/yoast.com\/product\/yoast-seo-wordpress\/ -->\n<title>Lista os\u00f3b uprawnionych do przydzia\u0142u lokali - TBS Wa\u0142cz -Towarzystwo Budownictw Spo\u0142ecznego w Wa\u0142czu<\/title>\n<meta name=\"description\" content=\"Lista os\u00f3b uprawnionych do przydzia\u0142u lokali\" \/>\n<meta name=\"robots\" content=\"index, follow, max-snippet:-1, max-image-preview:large, max-video-preview:-1\" \/>\n<link rel=\"canonical\" href=\"https:\/\/tbswalcz.pl\/index.php\/dla-mieszkancow\/lista-osob-uprawnionych-do-przydzialu-lokali\/\" \/>\n<meta property=\"og:locale\" content=\"pl_PL\" \/>\n<meta property=\"og:type\" content=\"article\" \/>\n<meta property=\"og:title\" content=\"Lista os\u00f3b uprawnionych do przydzia\u0142u lokali - TBS Wa\u0142cz -Towarzystwo Budownictw Spo\u0142ecznego w Wa\u0142czu\" \/>\n<meta property=\"og:description\" content=\"Lista os\u00f3b uprawnionych do przydzia\u0142u lokali\" \/>\n<meta property=\"og:url\" content=\"https:\/\/tbswalcz.pl\/index.php\/dla-mieszkancow\/lista-osob-uprawnionych-do-przydzialu-lokali\/\" \/>\n<meta property=\"og:site_name\" content=\"TBS Wa\u0142cz -Towarzystwo Budownictw Spo\u0142ecznego w Wa\u0142czu\" \/>\n<meta name=\"twitter:card\" content=\"summary_large_image\" \/>\n<script type=\"application\/ld+json\" class=\"yoast-schema-graph\">{\"@context\":\"https:\\\/\\\/schema.org\",\"@graph\":[{\"@type\":\"WebPage\",\"@id\":\"https:\\\/\\\/tbswalcz.pl\\\/index.php\\\/dla-mieszkancow\\\/lista-osob-uprawnionych-do-przydzialu-lokali\\\/\",\"url\":\"https:\\\/\\\/tbswalcz.pl\\\/index.php\\\/dla-mieszkancow\\\/lista-osob-uprawnionych-do-przydzialu-lokali\\\/\",\"name\":\"Lista os\u00f3b uprawnionych do przydzia\u0142u lokali - TBS Wa\u0142cz -Towarzystwo Budownictw Spo\u0142ecznego w Wa\u0142czu\",\"isPartOf\":{\"@id\":\"https:\\\/\\\/tbswalcz.pl\\\/#website\"},\"datePublished\":\"2025-06-30T13:50:53+00:00\",\"description\":\"Lista os\u00f3b uprawnionych do przydzia\u0142u lokali\",\"breadcrumb\":{\"@id\":\"https:\\\/\\\/tbswalcz.pl\\\/index.php\\\/dla-mieszkancow\\\/lista-osob-uprawnionych-do-przydzialu-lokali\\\/#breadcrumb\"},\"inLanguage\":\"pl-PL\",\"potentialAction\":[{\"@type\":\"ReadAction\",\"target\":[\"https:\\\/\\\/tbswalcz.pl\\\/index.php\\\/dla-mieszkancow\\\/lista-osob-uprawnionych-do-przydzialu-lokali\\\/\"]}]},{\"@type\":\"BreadcrumbList\",\"@id\":\"https:\\\/\\\/tbswalcz.pl\\\/index.php\\\/dla-mieszkancow\\\/lista-osob-uprawnionych-do-przydzialu-lokali\\\/#breadcrumb\",\"itemListElement\":[{\"@type\":\"ListItem\",\"position\":1,\"name\":\"Home\",\"item\":\"https:\\\/\\\/tbswalcz.pl\\\/\"},{\"@type\":\"ListItem\",\"position\":2,\"name\":\"Dla Mieszka\u0144c\u00f3w\",\"item\":\"https:\\\/\\\/tbswalcz.pl\\\/index.php\\\/dla-mieszkancow\\\/\"},{\"@type\":\"ListItem\",\"position\":3,\"name\":\"Lista os\u00f3b uprawnionych do przydzia\u0142u lokali\"}]},{\"@type\":\"WebSite\",\"@id\":\"https:\\\/\\\/tbswalcz.pl\\\/#website\",\"url\":\"https:\\\/\\\/tbswalcz.pl\\\/\",\"name\":\"TBS Wa\u0142cz -Towarzystwo Budownictw Spo\u0142ecznego w Wa\u0142czu\",\"description\":\"\",\"publisher\":{\"@id\":\"https:\\\/\\\/tbswalcz.pl\\\/#organization\"},\"potentialAction\":[{\"@type\":\"SearchAction\",\"target\":{\"@type\":\"EntryPoint\",\"urlTemplate\":\"https:\\\/\\\/tbswalcz.pl\\\/?s={search_term_string}\"},\"query-input\":{\"@type\":\"PropertyValueSpecification\",\"valueRequired\":true,\"valueName\":\"search_term_string\"}}],\"inLanguage\":\"pl-PL\"},{\"@type\":\"Organization\",\"@id\":\"https:\\\/\\\/tbswalcz.pl\\\/#organization\",\"name\":\"TBS Wa\u0142cz -Towarzystwo Budownictw Spo\u0142ecznego w Wa\u0142czu\",\"url\":\"https:\\\/\\\/tbswalcz.pl\\\/\",\"logo\":{\"@type\":\"ImageObject\",\"inLanguage\":\"pl-PL\",\"@id\":\"https:\\\/\\\/tbswalcz.pl\\\/#\\\/schema\\\/logo\\\/image\\\/\",\"url\":\"https:\\\/\\\/tbswalcz.pl\\\/wp-content\\\/uploads\\\/2025\\\/06\\\/cropped-logoTBS2020X-1.webp\",\"contentUrl\":\"https:\\\/\\\/tbswalcz.pl\\\/wp-content\\\/uploads\\\/2025\\\/06\\\/cropped-logoTBS2020X-1.webp\",\"width\":113,\"height\":68,\"caption\":\"TBS Wa\u0142cz -Towarzystwo Budownictw Spo\u0142ecznego w Wa\u0142czu\"},\"image\":{\"@id\":\"https:\\\/\\\/tbswalcz.pl\\\/#\\\/schema\\\/logo\\\/image\\\/\"}}]}<\/script>\n<!-- \/ Yoast SEO plugin. -->","yoast_head_json":{"title":"Lista os\u00f3b uprawnionych do przydzia\u0142u lokali - TBS Wa\u0142cz -Towarzystwo Budownictw Spo\u0142ecznego w Wa\u0142czu","description":"Lista os\u00f3b uprawnionych do przydzia\u0142u lokali","robots":{"index":"index","follow":"follow","max-snippet":"max-snippet:-1","max-image-preview":"max-image-preview:large","max-video-preview":"max-video-preview:-1"},"canonical":"https:\/\/tbswalcz.pl\/index.php\/dla-mieszkancow\/lista-osob-uprawnionych-do-przydzialu-lokali\/","og_locale":"pl_PL","og_type":"article","og_title":"Lista os\u00f3b uprawnionych do przydzia\u0142u lokali - TBS Wa\u0142cz -Towarzystwo Budownictw Spo\u0142ecznego w Wa\u0142czu","og_description":"Lista os\u00f3b uprawnionych do przydzia\u0142u lokali","og_url":"https:\/\/tbswalcz.pl\/index.php\/dla-mieszkancow\/lista-osob-uprawnionych-do-przydzialu-lokali\/","og_site_name":"TBS Wa\u0142cz -Towarzystwo Budownictw Spo\u0142ecznego w Wa\u0142czu","twitter_card":"summary_large_image","schema":{"@context":"https:\/\/schema.org","@graph":[{"@type":"WebPage","@id":"https:\/\/tbswalcz.pl\/index.php\/dla-mieszkancow\/lista-osob-uprawnionych-do-przydzialu-lokali\/","url":"https:\/\/tbswalcz.pl\/index.php\/dla-mieszkancow\/lista-osob-uprawnionych-do-przydzialu-lokali\/","name":"Lista os\u00f3b uprawnionych do przydzia\u0142u lokali - TBS Wa\u0142cz -Towarzystwo Budownictw Spo\u0142ecznego w Wa\u0142czu","isPartOf":{"@id":"https:\/\/tbswalcz.pl\/#website"},"datePublished":"2025-06-30T13:50:53+00:00","description":"Lista os\u00f3b uprawnionych do przydzia\u0142u lokali","breadcrumb":{"@id":"https:\/\/tbswalcz.pl\/index.php\/dla-mieszkancow\/lista-osob-uprawnionych-do-przydzialu-lokali\/#breadcrumb"},"inLanguage":"pl-PL","potentialAction":[{"@type":"ReadAction","target":["https:\/\/tbswalcz.pl\/index.php\/dla-mieszkancow\/lista-osob-uprawnionych-do-przydzialu-lokali\/"]}]},{"@type":"BreadcrumbList","@id":"https:\/\/tbswalcz.pl\/index.php\/dla-mieszkancow\/lista-osob-uprawnionych-do-przydzialu-lokali\/#breadcrumb","itemListElement":[{"@type":"ListItem","position":1,"name":"Home","item":"https:\/\/tbswalcz.pl\/"},{"@type":"ListItem","position":2,"name":"Dla Mieszka\u0144c\u00f3w","item":"https:\/\/tbswalcz.pl\/index.php\/dla-mieszkancow\/"},{"@type":"ListItem","position":3,"name":"Lista os\u00f3b uprawnionych do przydzia\u0142u lokali"}]},{"@type":"WebSite","@id":"https:\/\/tbswalcz.pl\/#website","url":"https:\/\/tbswalcz.pl\/","name":"TBS Wa\u0142cz -Towarzystwo Budownictw Spo\u0142ecznego w Wa\u0142czu","description":"","publisher":{"@id":"https:\/\/tbswalcz.pl\/#organization"},"potentialAction":[{"@type":"SearchAction","target":{"@type":"EntryPoint","urlTemplate":"https:\/\/tbswalcz.pl\/?s={search_term_string}"},"query-input":{"@type":"PropertyValueSpecification","valueRequired":true,"valueName":"search_term_string"}}],"inLanguage":"pl-PL"},{"@type":"Organization","@id":"https:\/\/tbswalcz.pl\/#organization","name":"TBS Wa\u0142cz -Towarzystwo Budownictw Spo\u0142ecznego w Wa\u0142czu","url":"https:\/\/tbswalcz.pl\/","logo":{"@type":"ImageObject","inLanguage":"pl-PL","@id":"https:\/\/tbswalcz.pl\/#\/schema\/logo\/image\/","url":"https:\/\/tbswalcz.pl\/wp-content\/uploads\/2025\/06\/cropped-logoTBS2020X-1.webp","contentUrl":"https:\/\/tbswalcz.pl\/wp-content\/uploads\/2025\/06\/cropped-logoTBS2020X-1.webp","width":113,"height":68,"caption":"TBS Wa\u0142cz -Towarzystwo Budownictw Spo\u0142ecznego w Wa\u0142czu"},"image":{"@id":"https:\/\/tbswalcz.pl\/#\/schema\/logo\/image\/"}}]}},"rttpg_featured_image_url":null,"rttpg_author":{"display_name":"Adminstrator","author_link":"https:\/\/tbswalcz.pl\/index.php\/author\/walcztbswww\/"},"rttpg_comment":0,"rttpg_category":null,"rttpg_excerpt":null,"_links":{"self":[{"href":"https:\/\/tbswalcz.pl\/index.php\/wp-json\/wp\/v2\/pages\/230","targetHints":{"allow":["GET"]}}],"collection":[{"href":"https:\/\/tbswalcz.pl\/index.php\/wp-json\/wp\/v2\/pages"}],"about":[{"href":"https:\/\/tbswalcz.pl\/index.php\/wp-json\/wp\/v2\/types\/page"}],"author":[{"embeddable":true,"href":"https:\/\/tbswalcz.pl\/index.php\/wp-json\/wp\/v2\/users\/1"}],"replies":[{"embeddable":true,"href":"https:\/\/tbswalcz.pl\/index.php\/wp-json\/wp\/v2\/comments?post=230"}],"version-history":[{"count":1,"href":"https:\/\/tbswalcz.pl\/index.php\/wp-json\/wp\/v2\/pages\/230\/revisions"}],"predecessor-version":[{"id":231,"href":"https:\/\/tbswalcz.pl\/index.php\/wp-json\/wp\/v2\/pages\/230\/revisions\/231"}],"up":[{"embeddable":true,"href":"https:\/\/tbswalcz.pl\/index.php\/wp-json\/wp\/v2\/pages\/196"}],"wp:attachment":[{"href":"https:\/\/tbswalcz.pl\/index.php\/wp-json\/wp\/v2\/media?parent=230"}],"curies":[{"name":"wp","href":"https:\/\/api.w.org\/{rel}","templated":true}]}}