{"id":234,"date":"2025-06-30T16:13:26","date_gmt":"2025-06-30T14:13:26","guid":{"rendered":"https:\/\/tbswalcz.home.pl\/autoinstalator\/wordpressplugins\/?page_id=234"},"modified":"2025-06-30T16:15:21","modified_gmt":"2025-06-30T14:15:21","slug":"odpady-komunalne","status":"publish","type":"page","link":"https:\/\/tbswalcz.pl\/index.php\/dla-mieszkancow\/odpady-komunalne\/","title":{"rendered":"Odpady Komunalne"},"content":{"rendered":"<p><img fetchpriority=\"high\" decoding=\"async\" class=\"aligncenter wp-image-237 size-large\" src=\"http:\/\/tbswalcz.home.pl\/autoinstalator\/wordpressplugins\/wp-content\/uploads\/2025\/06\/Harmonogram-smieci-724x1024.jpg\" alt=\"Harmonogram odpad\u00f3w VI-XII 2025\" width=\"724\" height=\"1024\" srcset=\"https:\/\/tbswalcz.pl\/wp-content\/uploads\/2025\/06\/Harmonogram-smieci-724x1024.jpg 724w, https:\/\/tbswalcz.pl\/wp-content\/uploads\/2025\/06\/Harmonogram-smieci-212x300.jpg 212w, https:\/\/tbswalcz.pl\/wp-content\/uploads\/2025\/06\/Harmonogram-smieci-768x1086.jpg 768w, https:\/\/tbswalcz.pl\/wp-content\/uploads\/2025\/06\/Harmonogram-smieci-1086x1536.jpg 1086w, https:\/\/tbswalcz.pl\/wp-content\/uploads\/2025\/06\/Harmonogram-smieci-1448x2048.jpg 1448w, https:\/\/tbswalcz.pl\/wp-content\/uploads\/2025\/06\/Harmonogram-smieci-scaled.jpg 1810w\" sizes=\"(max-width: 724px) 100vw, 724px\" \/><\/p>\n<p><img decoding=\"async\" class=\"aligncenter wp-image-238 size-large\" src=\"http:\/\/tbswalcz.home.pl\/autoinstalator\/wordpressplugins\/wp-content\/uploads\/2025\/06\/Harmonogram-smieci-2-724x1024.jpg\" alt=\"\" width=\"724\" height=\"1024\" srcset=\"https:\/\/tbswalcz.pl\/wp-content\/uploads\/2025\/06\/Harmonogram-smieci-2-724x1024.jpg 724w, https:\/\/tbswalcz.pl\/wp-content\/uploads\/2025\/06\/Harmonogram-smieci-2-212x300.jpg 212w, https:\/\/tbswalcz.pl\/wp-content\/uploads\/2025\/06\/Harmonogram-smieci-2-768x1086.jpg 768w, https:\/\/tbswalcz.pl\/wp-content\/uploads\/2025\/06\/Harmonogram-smieci-2-1086x1536.jpg 1086w, https:\/\/tbswalcz.pl\/wp-content\/uploads\/2025\/06\/Harmonogram-smieci-2-1448x2048.jpg 1448w, https:\/\/tbswalcz.pl\/wp-content\/uploads\/2025\/06\/Harmonogram-smieci-2-scaled.jpg 1810w\" sizes=\"(max-width: 724px) 100vw, 724px\" \/><\/p>\n<p><img decoding=\"async\" class=\"aligncenter wp-image-238 size-large\" src=\"http:\/\/tbswalcz.home.pl\/autoinstalator\/wordpressplugins\/wp-content\/uploads\/2025\/06\/Harmonogram-smieci-2-724x1024.jpg\" alt=\"Harmonogram odpad\u00f3w VI-XII 2025\" width=\"724\" height=\"1024\" srcset=\"https:\/\/tbswalcz.pl\/wp-content\/uploads\/2025\/06\/Harmonogram-smieci-2-724x1024.jpg 724w, https:\/\/tbswalcz.pl\/wp-content\/uploads\/2025\/06\/Harmonogram-smieci-2-212x300.jpg 212w, https:\/\/tbswalcz.pl\/wp-content\/uploads\/2025\/06\/Harmonogram-smieci-2-768x1086.jpg 768w, https:\/\/tbswalcz.pl\/wp-content\/uploads\/2025\/06\/Harmonogram-smieci-2-1086x1536.jpg 1086w, https:\/\/tbswalcz.pl\/wp-content\/uploads\/2025\/06\/Harmonogram-smieci-2-1448x2048.jpg 1448w, https:\/\/tbswalcz.pl\/wp-content\/uploads\/2025\/06\/Harmonogram-smieci-2-scaled.jpg 1810w\" sizes=\"(max-width: 724px) 100vw, 724px\" \/><\/p>\n","protected":false},"excerpt":{"rendered":"","protected":false},"author":1,"featured_media":0,"parent":196,"menu_order":0,"comment_status":"closed","ping_status":"closed","template":"","meta":{"footnotes":""},"class_list":["post-234","page","type-page","status-publish","hentry"],"yoast_head":"<!-- This site is optimized with the Yoast SEO plugin v27.5 - https:\/\/yoast.com\/product\/yoast-seo-wordpress\/ -->\n<title>Odpady Komunalne - TBS Wa\u0142cz -Towarzystwo Budownictw Spo\u0142ecznego w Wa\u0142czu<\/title>\n<meta name=\"description\" content=\"Odpady Komunalne\" \/>\n<meta name=\"robots\" content=\"index, follow, max-snippet:-1, max-image-preview:large, max-video-preview:-1\" \/>\n<link rel=\"canonical\" href=\"https:\/\/tbswalcz.pl\/index.php\/dla-mieszkancow\/odpady-komunalne\/\" \/>\n<meta property=\"og:locale\" content=\"pl_PL\" \/>\n<meta property=\"og:type\" content=\"article\" \/>\n<meta property=\"og:title\" content=\"Odpady Komunalne - TBS Wa\u0142cz -Towarzystwo Budownictw Spo\u0142ecznego w Wa\u0142czu\" \/>\n<meta property=\"og:description\" content=\"Odpady Komunalne\" \/>\n<meta property=\"og:url\" content=\"https:\/\/tbswalcz.pl\/index.php\/dla-mieszkancow\/odpady-komunalne\/\" \/>\n<meta property=\"og:site_name\" content=\"TBS Wa\u0142cz -Towarzystwo Budownictw Spo\u0142ecznego w Wa\u0142czu\" \/>\n<meta property=\"article:modified_time\" content=\"2025-06-30T14:15:21+00:00\" \/>\n<meta property=\"og:image\" content=\"http:\/\/tbswalcz.home.pl\/autoinstalator\/wordpressplugins\/wp-content\/uploads\/2025\/06\/Harmonogram-smieci-724x1024.jpg\" \/>\n<meta name=\"twitter:card\" content=\"summary_large_image\" \/>\n<meta name=\"twitter:label1\" content=\"Szacowany czas czytania\" \/>\n\t<meta name=\"twitter:data1\" content=\"1 minuta\" \/>\n<script type=\"application\/ld+json\" class=\"yoast-schema-graph\">{\"@context\":\"https:\\\/\\\/schema.org\",\"@graph\":[{\"@type\":\"WebPage\",\"@id\":\"https:\\\/\\\/tbswalcz.pl\\\/index.php\\\/dla-mieszkancow\\\/odpady-komunalne\\\/\",\"url\":\"https:\\\/\\\/tbswalcz.pl\\\/index.php\\\/dla-mieszkancow\\\/odpady-komunalne\\\/\",\"name\":\"Odpady Komunalne - TBS Wa\u0142cz -Towarzystwo Budownictw Spo\u0142ecznego w Wa\u0142czu\",\"isPartOf\":{\"@id\":\"https:\\\/\\\/tbswalcz.pl\\\/#website\"},\"primaryImageOfPage\":{\"@id\":\"https:\\\/\\\/tbswalcz.pl\\\/index.php\\\/dla-mieszkancow\\\/odpady-komunalne\\\/#primaryimage\"},\"image\":{\"@id\":\"https:\\\/\\\/tbswalcz.pl\\\/index.php\\\/dla-mieszkancow\\\/odpady-komunalne\\\/#primaryimage\"},\"thumbnailUrl\":\"http:\\\/\\\/tbswalcz.home.pl\\\/autoinstalator\\\/wordpressplugins\\\/wp-content\\\/uploads\\\/2025\\\/06\\\/Harmonogram-smieci-724x1024.jpg\",\"datePublished\":\"2025-06-30T14:13:26+00:00\",\"dateModified\":\"2025-06-30T14:15:21+00:00\",\"description\":\"Odpady Komunalne\",\"breadcrumb\":{\"@id\":\"https:\\\/\\\/tbswalcz.pl\\\/index.php\\\/dla-mieszkancow\\\/odpady-komunalne\\\/#breadcrumb\"},\"inLanguage\":\"pl-PL\",\"potentialAction\":[{\"@type\":\"ReadAction\",\"target\":[\"https:\\\/\\\/tbswalcz.pl\\\/index.php\\\/dla-mieszkancow\\\/odpady-komunalne\\\/\"]}]},{\"@type\":\"ImageObject\",\"inLanguage\":\"pl-PL\",\"@id\":\"https:\\\/\\\/tbswalcz.pl\\\/index.php\\\/dla-mieszkancow\\\/odpady-komunalne\\\/#primaryimage\",\"url\":\"http:\\\/\\\/tbswalcz.home.pl\\\/autoinstalator\\\/wordpressplugins\\\/wp-content\\\/uploads\\\/2025\\\/06\\\/Harmonogram-smieci-724x1024.jpg\",\"contentUrl\":\"http:\\\/\\\/tbswalcz.home.pl\\\/autoinstalator\\\/wordpressplugins\\\/wp-content\\\/uploads\\\/2025\\\/06\\\/Harmonogram-smieci-724x1024.jpg\"},{\"@type\":\"BreadcrumbList\",\"@id\":\"https:\\\/\\\/tbswalcz.pl\\\/index.php\\\/dla-mieszkancow\\\/odpady-komunalne\\\/#breadcrumb\",\"itemListElement\":[{\"@type\":\"ListItem\",\"position\":1,\"name\":\"Home\",\"item\":\"https:\\\/\\\/tbswalcz.pl\\\/\"},{\"@type\":\"ListItem\",\"position\":2,\"name\":\"Dla Mieszka\u0144c\u00f3w\",\"item\":\"https:\\\/\\\/tbswalcz.pl\\\/index.php\\\/dla-mieszkancow\\\/\"},{\"@type\":\"ListItem\",\"position\":3,\"name\":\"Odpady Komunalne\"}]},{\"@type\":\"WebSite\",\"@id\":\"https:\\\/\\\/tbswalcz.pl\\\/#website\",\"url\":\"https:\\\/\\\/tbswalcz.pl\\\/\",\"name\":\"TBS Wa\u0142cz -Towarzystwo Budownictw Spo\u0142ecznego w Wa\u0142czu\",\"description\":\"\",\"publisher\":{\"@id\":\"https:\\\/\\\/tbswalcz.pl\\\/#organization\"},\"potentialAction\":[{\"@type\":\"SearchAction\",\"target\":{\"@type\":\"EntryPoint\",\"urlTemplate\":\"https:\\\/\\\/tbswalcz.pl\\\/?s={search_term_string}\"},\"query-input\":{\"@type\":\"PropertyValueSpecification\",\"valueRequired\":true,\"valueName\":\"search_term_string\"}}],\"inLanguage\":\"pl-PL\"},{\"@type\":\"Organization\",\"@id\":\"https:\\\/\\\/tbswalcz.pl\\\/#organization\",\"name\":\"TBS Wa\u0142cz -Towarzystwo Budownictw Spo\u0142ecznego w Wa\u0142czu\",\"url\":\"https:\\\/\\\/tbswalcz.pl\\\/\",\"logo\":{\"@type\":\"ImageObject\",\"inLanguage\":\"pl-PL\",\"@id\":\"https:\\\/\\\/tbswalcz.pl\\\/#\\\/schema\\\/logo\\\/image\\\/\",\"url\":\"https:\\\/\\\/tbswalcz.pl\\\/wp-content\\\/uploads\\\/2025\\\/06\\\/cropped-logoTBS2020X-1.webp\",\"contentUrl\":\"https:\\\/\\\/tbswalcz.pl\\\/wp-content\\\/uploads\\\/2025\\\/06\\\/cropped-logoTBS2020X-1.webp\",\"width\":113,\"height\":68,\"caption\":\"TBS Wa\u0142cz -Towarzystwo Budownictw Spo\u0142ecznego w Wa\u0142czu\"},\"image\":{\"@id\":\"https:\\\/\\\/tbswalcz.pl\\\/#\\\/schema\\\/logo\\\/image\\\/\"}}]}<\/script>\n<!-- \/ Yoast SEO plugin. -->","yoast_head_json":{"title":"Odpady Komunalne - TBS Wa\u0142cz -Towarzystwo Budownictw Spo\u0142ecznego w Wa\u0142czu","description":"Odpady Komunalne","robots":{"index":"index","follow":"follow","max-snippet":"max-snippet:-1","max-image-preview":"max-image-preview:large","max-video-preview":"max-video-preview:-1"},"canonical":"https:\/\/tbswalcz.pl\/index.php\/dla-mieszkancow\/odpady-komunalne\/","og_locale":"pl_PL","og_type":"article","og_title":"Odpady Komunalne - TBS Wa\u0142cz -Towarzystwo Budownictw Spo\u0142ecznego w Wa\u0142czu","og_description":"Odpady Komunalne","og_url":"https:\/\/tbswalcz.pl\/index.php\/dla-mieszkancow\/odpady-komunalne\/","og_site_name":"TBS Wa\u0142cz -Towarzystwo Budownictw Spo\u0142ecznego w Wa\u0142czu","article_modified_time":"2025-06-30T14:15:21+00:00","og_image":[{"url":"http:\/\/tbswalcz.home.pl\/autoinstalator\/wordpressplugins\/wp-content\/uploads\/2025\/06\/Harmonogram-smieci-724x1024.jpg","type":"","width":"","height":""}],"twitter_card":"summary_large_image","twitter_misc":{"Szacowany czas czytania":"1 minuta"},"schema":{"@context":"https:\/\/schema.org","@graph":[{"@type":"WebPage","@id":"https:\/\/tbswalcz.pl\/index.php\/dla-mieszkancow\/odpady-komunalne\/","url":"https:\/\/tbswalcz.pl\/index.php\/dla-mieszkancow\/odpady-komunalne\/","name":"Odpady Komunalne - TBS Wa\u0142cz -Towarzystwo Budownictw Spo\u0142ecznego w Wa\u0142czu","isPartOf":{"@id":"https:\/\/tbswalcz.pl\/#website"},"primaryImageOfPage":{"@id":"https:\/\/tbswalcz.pl\/index.php\/dla-mieszkancow\/odpady-komunalne\/#primaryimage"},"image":{"@id":"https:\/\/tbswalcz.pl\/index.php\/dla-mieszkancow\/odpady-komunalne\/#primaryimage"},"thumbnailUrl":"http:\/\/tbswalcz.home.pl\/autoinstalator\/wordpressplugins\/wp-content\/uploads\/2025\/06\/Harmonogram-smieci-724x1024.jpg","datePublished":"2025-06-30T14:13:26+00:00","dateModified":"2025-06-30T14:15:21+00:00","description":"Odpady Komunalne","breadcrumb":{"@id":"https:\/\/tbswalcz.pl\/index.php\/dla-mieszkancow\/odpady-komunalne\/#breadcrumb"},"inLanguage":"pl-PL","potentialAction":[{"@type":"ReadAction","target":["https:\/\/tbswalcz.pl\/index.php\/dla-mieszkancow\/odpady-komunalne\/"]}]},{"@type":"ImageObject","inLanguage":"pl-PL","@id":"https:\/\/tbswalcz.pl\/index.php\/dla-mieszkancow\/odpady-komunalne\/#primaryimage","url":"http:\/\/tbswalcz.home.pl\/autoinstalator\/wordpressplugins\/wp-content\/uploads\/2025\/06\/Harmonogram-smieci-724x1024.jpg","contentUrl":"http:\/\/tbswalcz.home.pl\/autoinstalator\/wordpressplugins\/wp-content\/uploads\/2025\/06\/Harmonogram-smieci-724x1024.jpg"},{"@type":"BreadcrumbList","@id":"https:\/\/tbswalcz.pl\/index.php\/dla-mieszkancow\/odpady-komunalne\/#breadcrumb","itemListElement":[{"@type":"ListItem","position":1,"name":"Home","item":"https:\/\/tbswalcz.pl\/"},{"@type":"ListItem","position":2,"name":"Dla Mieszka\u0144c\u00f3w","item":"https:\/\/tbswalcz.pl\/index.php\/dla-mieszkancow\/"},{"@type":"ListItem","position":3,"name":"Odpady Komunalne"}]},{"@type":"WebSite","@id":"https:\/\/tbswalcz.pl\/#website","url":"https:\/\/tbswalcz.pl\/","name":"TBS Wa\u0142cz -Towarzystwo Budownictw Spo\u0142ecznego w Wa\u0142czu","description":"","publisher":{"@id":"https:\/\/tbswalcz.pl\/#organization"},"potentialAction":[{"@type":"SearchAction","target":{"@type":"EntryPoint","urlTemplate":"https:\/\/tbswalcz.pl\/?s={search_term_string}"},"query-input":{"@type":"PropertyValueSpecification","valueRequired":true,"valueName":"search_term_string"}}],"inLanguage":"pl-PL"},{"@type":"Organization","@id":"https:\/\/tbswalcz.pl\/#organization","name":"TBS Wa\u0142cz -Towarzystwo Budownictw Spo\u0142ecznego w Wa\u0142czu","url":"https:\/\/tbswalcz.pl\/","logo":{"@type":"ImageObject","inLanguage":"pl-PL","@id":"https:\/\/tbswalcz.pl\/#\/schema\/logo\/image\/","url":"https:\/\/tbswalcz.pl\/wp-content\/uploads\/2025\/06\/cropped-logoTBS2020X-1.webp","contentUrl":"https:\/\/tbswalcz.pl\/wp-content\/uploads\/2025\/06\/cropped-logoTBS2020X-1.webp","width":113,"height":68,"caption":"TBS Wa\u0142cz -Towarzystwo Budownictw Spo\u0142ecznego w Wa\u0142czu"},"image":{"@id":"https:\/\/tbswalcz.pl\/#\/schema\/logo\/image\/"}}]}},"rttpg_featured_image_url":null,"rttpg_author":{"display_name":"Adminstrator","author_link":"https:\/\/tbswalcz.pl\/index.php\/author\/walcztbswww\/"},"rttpg_comment":0,"rttpg_category":null,"rttpg_excerpt":null,"_links":{"self":[{"href":"https:\/\/tbswalcz.pl\/index.php\/wp-json\/wp\/v2\/pages\/234","targetHints":{"allow":["GET"]}}],"collection":[{"href":"https:\/\/tbswalcz.pl\/index.php\/wp-json\/wp\/v2\/pages"}],"about":[{"href":"https:\/\/tbswalcz.pl\/index.php\/wp-json\/wp\/v2\/types\/page"}],"author":[{"embeddable":true,"href":"https:\/\/tbswalcz.pl\/index.php\/wp-json\/wp\/v2\/users\/1"}],"replies":[{"embeddable":true,"href":"https:\/\/tbswalcz.pl\/index.php\/wp-json\/wp\/v2\/comments?post=234"}],"version-history":[{"count":3,"href":"https:\/\/tbswalcz.pl\/index.php\/wp-json\/wp\/v2\/pages\/234\/revisions"}],"predecessor-version":[{"id":241,"href":"https:\/\/tbswalcz.pl\/index.php\/wp-json\/wp\/v2\/pages\/234\/revisions\/241"}],"up":[{"embeddable":true,"href":"https:\/\/tbswalcz.pl\/index.php\/wp-json\/wp\/v2\/pages\/196"}],"wp:attachment":[{"href":"https:\/\/tbswalcz.pl\/index.php\/wp-json\/wp\/v2\/media?parent=234"}],"curies":[{"name":"wp","href":"https:\/\/api.w.org\/{rel}","templated":true}]}}